{"id":405,"date":"2024-01-27T18:33:22","date_gmt":"2024-01-27T17:33:22","guid":{"rendered":"https:\/\/webalumnos.iestetuan.es\/?page_id=405"},"modified":"2024-04-12T19:02:24","modified_gmt":"2024-04-12T17:02:24","slug":"orientacion","status":"publish","type":"page","link":"https:\/\/webalumnos.iestetuan.es\/?page_id=405","title":{"rendered":"Orientaci\u00f3n"},"content":{"rendered":"\t\t<div data-elementor-type=\"wp-page\" data-elementor-id=\"405\" class=\"elementor elementor-405\">\n\t\t\t\t<div class=\"has_eae_slider elementor-element elementor-element-75a6c7e e-flex e-con-boxed e-con e-parent\" data-eae-slider=\"23771\" data-id=\"75a6c7e\" data-element_type=\"container\">\n\t\t\t\t\t<div class=\"e-con-inner\">\n\t\t\t\t<div class=\"elementor-element elementor-element-a3d3fbb elementor-grid-eael-col-3 elementor-grid-tablet-eael-col-2 elementor-grid-mobile-eael-col-1 elementor-widget elementor-widget-eael-post-grid\" data-id=\"a3d3fbb\" data-element_type=\"widget\" data-settings=\"{&quot;eael_post_grid_columns&quot;:&quot;eael-col-3&quot;,&quot;eael_post_grid_columns_tablet&quot;:&quot;eael-col-2&quot;,&quot;eael_post_grid_columns_mobile&quot;:&quot;eael-col-1&quot;}\" data-widget_type=\"eael-post-grid.default\">\n\t\t\t\t<div class=\"elementor-widget-container\">\n\t\t\t\t\t<div id=\"eael-post-grid-a3d3fbb\" class=\"eael-post-grid-container\">\n            <div class=\"eael-post-grid eael-post-appender eael-post-appender-a3d3fbb eael-post-grid-style-one\" data-layout-mode=\"grid\"><article class=\"eael-grid-post  eael-post-grid-column eael-pg-post-992 category-informatica-orientacion\" data-id=\"992\">\n        <div class=\"eael-grid-post-holder\">\n            <div class=\"eael-grid-post-holder-inner\"><div class=\"eael-entry-media\"><div class=\"eael-entry-overlay fade-in\"><i class=\"fas fa-long-arrow-alt-right\" aria-hidden=\"true\"><\/i><a href=\"https:\/\/webalumnos.iestetuan.es\/?p=992\"><\/a><\/div><div class=\"eael-entry-thumbnail \">\n                <img fetchpriority=\"high\" decoding=\"async\" width=\"300\" height=\"300\" src=\"https:\/\/webalumnos.iestetuan.es\/wp-content\/uploads\/2024\/03\/Podcast-imagen-300x300.jpg\" class=\"attachment-medium size-medium wp-image-716\" alt=\"\" srcset=\"https:\/\/webalumnos.iestetuan.es\/wp-content\/uploads\/2024\/03\/Podcast-imagen-300x300.jpg 300w, https:\/\/webalumnos.iestetuan.es\/wp-content\/uploads\/2024\/03\/Podcast-imagen-1024x1024.jpg 1024w, https:\/\/webalumnos.iestetuan.es\/wp-content\/uploads\/2024\/03\/Podcast-imagen-150x150.jpg 150w, https:\/\/webalumnos.iestetuan.es\/wp-content\/uploads\/2024\/03\/Podcast-imagen-768x768.jpg 768w, https:\/\/webalumnos.iestetuan.es\/wp-content\/uploads\/2024\/03\/Podcast-imagen-1536x1536.jpg 1536w, https:\/\/webalumnos.iestetuan.es\/wp-content\/uploads\/2024\/03\/Podcast-imagen-2048x2048.jpg 2048w\" sizes=\"(max-width: 300px) 100vw, 300px\" \/>\n            <\/div>\n        <\/div><div class=\"eael-entry-wrapper\"><header class=\"eael-entry-header\"><h2 class=\"eael-entry-title\"><a class=\"eael-grid-post-link\" href=\"https:\/\/webalumnos.iestetuan.es\/?p=992\" title=\"PODCAST #5 \u2013 \u00a1Los Podcast de la FP b\u00e1sica! &#8211; Proyectos Intermodulares\">PODCAST #5 \u2013 \u00a1Los Podcast de la FP b\u00e1sica! &#8211; Proyectos Intermodulares<\/a><\/h2><\/header><div class=\"eael-entry-content\">\n                        <div class=\"eael-grid-post-excerpt\"><p>Arranca en este 2026 una interesante serie de Podcast elaborados...<\/p><a href=\"https:\/\/webalumnos.iestetuan.es\/?p=992\" class=\"eael-post-elements-readmore-btn\">Leer m\u00e1s<\/a><\/div>\n                    <\/div><div class=\"eael-entry-footer\"><div class=\"eael-author-avatar\"><a href=\"https:\/\/webalumnos.iestetuan.es\/?author=1\"><img alt='admin' src='https:\/\/secure.gravatar.com\/avatar\/99a6b7bdba6b9da9aa839c4d0352fa34?s=96&#038;d=mm&#038;r=g' srcset='https:\/\/secure.gravatar.com\/avatar\/99a6b7bdba6b9da9aa839c4d0352fa34?s=192&#038;d=mm&#038;r=g 2x' class='avatar avatar-96 photo' height='96' width='96' \/><\/a><\/div><div class=\"eael-entry-meta\"><span class=\"eael-posted-by\"><a href=\"https:\/\/webalumnos.iestetuan.es\/?author=1\" title=\"Entradas de admin\" rel=\"author\">admin<\/a><\/span><span class=\"eael-posted-on\"><time datetime=\"abril 8, 2026\">abril 8, 2026<\/time><\/span><\/div><\/div><\/div><\/div>\n        <\/div>\n    <\/article><article class=\"eael-grid-post  eael-post-grid-column eael-pg-post-806 category-excursiones-y-eventos-experiencia-en-ftcs-orientacion\" data-id=\"806\">\n        <div class=\"eael-grid-post-holder\">\n            <div class=\"eael-grid-post-holder-inner\"><div class=\"eael-entry-media\"><div class=\"eael-entry-overlay fade-in\"><i class=\"fas fa-long-arrow-alt-right\" aria-hidden=\"true\"><\/i><a href=\"https:\/\/webalumnos.iestetuan.es\/?p=806\"><\/a><\/div><div class=\"eael-entry-thumbnail \">\n                <img fetchpriority=\"high\" decoding=\"async\" width=\"300\" height=\"300\" src=\"https:\/\/webalumnos.iestetuan.es\/wp-content\/uploads\/2024\/03\/Podcast-imagen-300x300.jpg\" class=\"attachment-medium size-medium wp-image-716\" alt=\"\" srcset=\"https:\/\/webalumnos.iestetuan.es\/wp-content\/uploads\/2024\/03\/Podcast-imagen-300x300.jpg 300w, https:\/\/webalumnos.iestetuan.es\/wp-content\/uploads\/2024\/03\/Podcast-imagen-1024x1024.jpg 1024w, https:\/\/webalumnos.iestetuan.es\/wp-content\/uploads\/2024\/03\/Podcast-imagen-150x150.jpg 150w, https:\/\/webalumnos.iestetuan.es\/wp-content\/uploads\/2024\/03\/Podcast-imagen-768x768.jpg 768w, https:\/\/webalumnos.iestetuan.es\/wp-content\/uploads\/2024\/03\/Podcast-imagen-1536x1536.jpg 1536w, https:\/\/webalumnos.iestetuan.es\/wp-content\/uploads\/2024\/03\/Podcast-imagen-2048x2048.jpg 2048w\" sizes=\"(max-width: 300px) 100vw, 300px\" \/>\n            <\/div>\n        <\/div><div class=\"eael-entry-wrapper\"><header class=\"eael-entry-header\"><h2 class=\"eael-entry-title\"><a class=\"eael-grid-post-link\" href=\"https:\/\/webalumnos.iestetuan.es\/?p=806\" title=\"PODCAST #4 \u2013 \u00a1LOS ALUMNOS CUENTAN! \u2013 Rumbo a la Formaci\u00f3n Profesional y a los Estudios Universitarios\">PODCAST #4 \u2013 \u00a1LOS ALUMNOS CUENTAN! \u2013 Rumbo a la Formaci\u00f3n Profesional y a los Estudios Universitarios<\/a><\/h2><\/header><div class=\"eael-entry-content\">\n                        <div class=\"eael-grid-post-excerpt\"><p>Continuamos con nuestra interesante serie de Podcast sobre la vida...<\/p><a href=\"https:\/\/webalumnos.iestetuan.es\/?p=806\" class=\"eael-post-elements-readmore-btn\">Leer m\u00e1s<\/a><\/div>\n                    <\/div><div class=\"eael-entry-footer\"><div class=\"eael-author-avatar\"><a href=\"https:\/\/webalumnos.iestetuan.es\/?author=1\"><img alt='admin' src='https:\/\/secure.gravatar.com\/avatar\/99a6b7bdba6b9da9aa839c4d0352fa34?s=96&#038;d=mm&#038;r=g' srcset='https:\/\/secure.gravatar.com\/avatar\/99a6b7bdba6b9da9aa839c4d0352fa34?s=192&#038;d=mm&#038;r=g 2x' class='avatar avatar-96 photo' height='96' width='96' \/><\/a><\/div><div class=\"eael-entry-meta\"><span class=\"eael-posted-by\"><a href=\"https:\/\/webalumnos.iestetuan.es\/?author=1\" title=\"Entradas de admin\" rel=\"author\">admin<\/a><\/span><span class=\"eael-posted-on\"><time datetime=\"mayo 17, 2024\">mayo 17, 2024<\/time><\/span><\/div><\/div><\/div><\/div>\n        <\/div>\n    <\/article><article class=\"eael-grid-post  eael-post-grid-column eael-pg-post-783 category-administracion-y-finanzas-experiencia-en-ftcs-orientacion\" data-id=\"783\">\n        <div class=\"eael-grid-post-holder\">\n            <div class=\"eael-grid-post-holder-inner\"><div class=\"eael-entry-media\"><div class=\"eael-entry-overlay fade-in\"><i class=\"fas fa-long-arrow-alt-right\" aria-hidden=\"true\"><\/i><a href=\"https:\/\/webalumnos.iestetuan.es\/?p=783\"><\/a><\/div><div class=\"eael-entry-thumbnail \">\n                <img fetchpriority=\"high\" decoding=\"async\" width=\"300\" height=\"300\" src=\"https:\/\/webalumnos.iestetuan.es\/wp-content\/uploads\/2024\/03\/Podcast-imagen-300x300.jpg\" class=\"attachment-medium size-medium wp-image-716\" alt=\"\" srcset=\"https:\/\/webalumnos.iestetuan.es\/wp-content\/uploads\/2024\/03\/Podcast-imagen-300x300.jpg 300w, https:\/\/webalumnos.iestetuan.es\/wp-content\/uploads\/2024\/03\/Podcast-imagen-1024x1024.jpg 1024w, https:\/\/webalumnos.iestetuan.es\/wp-content\/uploads\/2024\/03\/Podcast-imagen-150x150.jpg 150w, https:\/\/webalumnos.iestetuan.es\/wp-content\/uploads\/2024\/03\/Podcast-imagen-768x768.jpg 768w, https:\/\/webalumnos.iestetuan.es\/wp-content\/uploads\/2024\/03\/Podcast-imagen-1536x1536.jpg 1536w, https:\/\/webalumnos.iestetuan.es\/wp-content\/uploads\/2024\/03\/Podcast-imagen-2048x2048.jpg 2048w\" sizes=\"(max-width: 300px) 100vw, 300px\" \/>\n            <\/div>\n        <\/div><div class=\"eael-entry-wrapper\"><header class=\"eael-entry-header\"><h2 class=\"eael-entry-title\"><a class=\"eael-grid-post-link\" href=\"https:\/\/webalumnos.iestetuan.es\/?p=783\" title=\"PODCAST #3 \u2013 \u00a1LOS ALUMNOS CUENTAN! \u2013 CFGS AF Dual Seguros (formaci\u00f3n y experiencias)\">PODCAST #3 \u2013 \u00a1LOS ALUMNOS CUENTAN! \u2013 CFGS AF Dual Seguros (formaci\u00f3n y experiencias)<\/a><\/h2><\/header><div class=\"eael-entry-content\">\n                        <div class=\"eael-grid-post-excerpt\"><p>Llegamos ya al tercero de esta serie de brillantes Podcast...<\/p><a href=\"https:\/\/webalumnos.iestetuan.es\/?p=783\" class=\"eael-post-elements-readmore-btn\">Leer m\u00e1s<\/a><\/div>\n                    <\/div><div class=\"eael-entry-footer\"><div class=\"eael-author-avatar\"><a href=\"https:\/\/webalumnos.iestetuan.es\/?author=1\"><img alt='admin' src='https:\/\/secure.gravatar.com\/avatar\/99a6b7bdba6b9da9aa839c4d0352fa34?s=96&#038;d=mm&#038;r=g' srcset='https:\/\/secure.gravatar.com\/avatar\/99a6b7bdba6b9da9aa839c4d0352fa34?s=192&#038;d=mm&#038;r=g 2x' class='avatar avatar-96 photo' height='96' width='96' \/><\/a><\/div><div class=\"eael-entry-meta\"><span class=\"eael-posted-by\"><a href=\"https:\/\/webalumnos.iestetuan.es\/?author=1\" title=\"Entradas de admin\" rel=\"author\">admin<\/a><\/span><span class=\"eael-posted-on\"><time datetime=\"abril 23, 2024\">abril 23, 2024<\/time><\/span><\/div><\/div><\/div><\/div>\n        <\/div>\n    <\/article><\/div>\n            <div class=\"clearfix\"><\/div>\n        <\/div>            <div class=\"eael-load-more-button-wrap eael-force-hide\">\n                <button class=\"eael-load-more-button\" id=\"eael-load-more-btn-a3d3fbb\" data-widget-id=\"a3d3fbb\" data-widget=\"a3d3fbb\" data-page-id=\"405\" data-template=\"{&quot;dir&quot;:&quot;lite&quot;,&quot;file_name&quot;:&quot;one.php&quot;,&quot;name&quot;:&quot;Post-Grid&quot;}\" data-class=\"Essential_Addons_Elementor\\Elements\\Post_Grid\" data-layout=\"grid\" data-page=\"1\" data-args=\"orderby=date&amp;order=desc&amp;ignore_sticky_posts=1&amp;post_status=publish&amp;posts_per_page=3&amp;offset=0&amp;post_type=post&amp;tax_query%5B0%5D%5Btaxonomy%5D=category&amp;tax_query%5B0%5D%5Bfield%5D=term_id&amp;tax_query%5B0%5D%5Bterms%5D%5B0%5D=12&amp;tax_query%5Brelation%5D=AND\" data-max-page=\"3\">\n                    <span class=\"eael-btn-loader button__loader\"><\/span>\n                    <span class=\"eael_load_more_text\">Cargar m\u00e1s<\/span>\n                <\/button>\n            <\/div>\n            \t\t\t\t<\/div>\n\t\t\t\t<\/div>\n\t\t\t\t\t<\/div>\n\t\t\t\t<\/div>\n\t\t<div class=\"has_eae_slider elementor-element elementor-element-c4de190 e-flex e-con-boxed e-con e-parent\" data-eae-slider=\"45538\" data-id=\"c4de190\" data-element_type=\"container\">\n\t\t\t\t\t<div class=\"e-con-inner\">\n\t\t\t\t<div class=\"elementor-element elementor-element-42dde29 elementor-grid-eael-col-4 elementor-grid-tablet-eael-col-2 elementor-grid-mobile-eael-col-1 elementor-widget elementor-widget-eael-post-grid\" data-id=\"42dde29\" data-element_type=\"widget\" data-settings=\"{&quot;eael_post_grid_columns&quot;:&quot;eael-col-4&quot;,&quot;eael_post_grid_columns_tablet&quot;:&quot;eael-col-2&quot;,&quot;eael_post_grid_columns_mobile&quot;:&quot;eael-col-1&quot;}\" data-widget_type=\"eael-post-grid.default\">\n\t\t\t\t<div class=\"elementor-widget-container\">\n\t\t\t\t\t<div id=\"eael-post-grid-42dde29\" class=\"eael-post-grid-container\">\n            <div class=\"eael-post-grid eael-post-appender eael-post-appender-42dde29 eael-post-grid-style-one\" data-layout-mode=\"masonry\"><article class=\"eael-grid-post  eael-post-grid-column eael-pg-post-757 category-excursiones-y-eventos-orientacion-turismo\" data-id=\"757\">\n        <div class=\"eael-grid-post-holder\">\n            <div class=\"eael-grid-post-holder-inner\"><div class=\"eael-entry-media\"><div class=\"eael-entry-overlay fade-in\"><i class=\"fas fa-long-arrow-alt-right\" aria-hidden=\"true\"><\/i><a href=\"https:\/\/webalumnos.iestetuan.es\/?p=757\"><\/a><\/div><div class=\"eael-entry-thumbnail \">\n                <img fetchpriority=\"high\" decoding=\"async\" width=\"300\" height=\"300\" src=\"https:\/\/webalumnos.iestetuan.es\/wp-content\/uploads\/2024\/03\/Podcast-imagen-300x300.jpg\" class=\"attachment-medium size-medium wp-image-716\" alt=\"\" srcset=\"https:\/\/webalumnos.iestetuan.es\/wp-content\/uploads\/2024\/03\/Podcast-imagen-300x300.jpg 300w, https:\/\/webalumnos.iestetuan.es\/wp-content\/uploads\/2024\/03\/Podcast-imagen-1024x1024.jpg 1024w, https:\/\/webalumnos.iestetuan.es\/wp-content\/uploads\/2024\/03\/Podcast-imagen-150x150.jpg 150w, https:\/\/webalumnos.iestetuan.es\/wp-content\/uploads\/2024\/03\/Podcast-imagen-768x768.jpg 768w, https:\/\/webalumnos.iestetuan.es\/wp-content\/uploads\/2024\/03\/Podcast-imagen-1536x1536.jpg 1536w, https:\/\/webalumnos.iestetuan.es\/wp-content\/uploads\/2024\/03\/Podcast-imagen-2048x2048.jpg 2048w\" sizes=\"(max-width: 300px) 100vw, 300px\" \/>\n            <\/div>\n        <\/div><div class=\"eael-entry-wrapper\"><header class=\"eael-entry-header\"><h2 class=\"eael-entry-title\"><a class=\"eael-grid-post-link\" href=\"https:\/\/webalumnos.iestetuan.es\/?p=757\" title=\"PODCAST #2 \u2013 \u00a1LOS ALUMNOS CUENTAN! \u2013 Las gu\u00edas te gu\u00edan.\">PODCAST #2 \u2013 \u00a1LOS ALUMNOS CUENTAN! \u2013 Las gu\u00edas te gu\u00edan.<\/a><\/h2><\/header><div class=\"eael-entry-content\">\n                        <div class=\"eael-grid-post-excerpt\"><p>Continuamos con el cap\u00edtulo 2 de nuestros Podcast. En este...<\/p><a href=\"https:\/\/webalumnos.iestetuan.es\/?p=757\" class=\"eael-post-elements-readmore-btn\">Leer m\u00e1s<\/a><\/div>\n                    <\/div><div class=\"eael-entry-footer\"><div class=\"eael-author-avatar\"><a href=\"https:\/\/webalumnos.iestetuan.es\/?author=1\"><img alt='admin' src='https:\/\/secure.gravatar.com\/avatar\/99a6b7bdba6b9da9aa839c4d0352fa34?s=96&#038;d=mm&#038;r=g' srcset='https:\/\/secure.gravatar.com\/avatar\/99a6b7bdba6b9da9aa839c4d0352fa34?s=192&#038;d=mm&#038;r=g 2x' class='avatar avatar-96 photo' height='96' width='96' \/><\/a><\/div><div class=\"eael-entry-meta\"><span class=\"eael-posted-by\"><a href=\"https:\/\/webalumnos.iestetuan.es\/?author=1\" title=\"Entradas de admin\" rel=\"author\">admin<\/a><\/span><span class=\"eael-posted-on\"><time datetime=\"abril 12, 2024\">abril 12, 2024<\/time><\/span><\/div><\/div><\/div><\/div>\n        <\/div>\n    <\/article><article class=\"eael-grid-post  eael-post-grid-column eael-pg-post-714 category-excursiones-y-eventos-orientacion\" data-id=\"714\">\n        <div class=\"eael-grid-post-holder\">\n            <div class=\"eael-grid-post-holder-inner\"><div class=\"eael-entry-media\"><div class=\"eael-entry-overlay fade-in\"><i class=\"fas fa-long-arrow-alt-right\" aria-hidden=\"true\"><\/i><a href=\"https:\/\/webalumnos.iestetuan.es\/?p=714\"><\/a><\/div><div class=\"eael-entry-thumbnail \">\n                <img fetchpriority=\"high\" decoding=\"async\" width=\"300\" height=\"300\" src=\"https:\/\/webalumnos.iestetuan.es\/wp-content\/uploads\/2024\/03\/Podcast-imagen-300x300.jpg\" class=\"attachment-medium size-medium wp-image-716\" alt=\"\" srcset=\"https:\/\/webalumnos.iestetuan.es\/wp-content\/uploads\/2024\/03\/Podcast-imagen-300x300.jpg 300w, https:\/\/webalumnos.iestetuan.es\/wp-content\/uploads\/2024\/03\/Podcast-imagen-1024x1024.jpg 1024w, https:\/\/webalumnos.iestetuan.es\/wp-content\/uploads\/2024\/03\/Podcast-imagen-150x150.jpg 150w, https:\/\/webalumnos.iestetuan.es\/wp-content\/uploads\/2024\/03\/Podcast-imagen-768x768.jpg 768w, https:\/\/webalumnos.iestetuan.es\/wp-content\/uploads\/2024\/03\/Podcast-imagen-1536x1536.jpg 1536w, https:\/\/webalumnos.iestetuan.es\/wp-content\/uploads\/2024\/03\/Podcast-imagen-2048x2048.jpg 2048w\" sizes=\"(max-width: 300px) 100vw, 300px\" \/>\n            <\/div>\n        <\/div><div class=\"eael-entry-wrapper\"><header class=\"eael-entry-header\"><h2 class=\"eael-entry-title\"><a class=\"eael-grid-post-link\" href=\"https:\/\/webalumnos.iestetuan.es\/?p=714\" title=\"PODCAST #1 &#8211; \u00a1LOS ALUMNOS CUENTAN! &#8211; El poliglotismo\">PODCAST #1 &#8211; \u00a1LOS ALUMNOS CUENTAN! &#8211; El poliglotismo<\/a><\/h2><\/header><div class=\"eael-entry-content\">\n                        <div class=\"eael-grid-post-excerpt\"><p>Empezamos una nueva secci\u00f3n absolutamente integradora y llena de ganas,...<\/p><a href=\"https:\/\/webalumnos.iestetuan.es\/?p=714\" class=\"eael-post-elements-readmore-btn\">Leer m\u00e1s<\/a><\/div>\n                    <\/div><div class=\"eael-entry-footer\"><div class=\"eael-author-avatar\"><a href=\"https:\/\/webalumnos.iestetuan.es\/?author=1\"><img alt='admin' src='https:\/\/secure.gravatar.com\/avatar\/99a6b7bdba6b9da9aa839c4d0352fa34?s=96&#038;d=mm&#038;r=g' srcset='https:\/\/secure.gravatar.com\/avatar\/99a6b7bdba6b9da9aa839c4d0352fa34?s=192&#038;d=mm&#038;r=g 2x' class='avatar avatar-96 photo' height='96' width='96' \/><\/a><\/div><div class=\"eael-entry-meta\"><span class=\"eael-posted-by\"><a href=\"https:\/\/webalumnos.iestetuan.es\/?author=1\" title=\"Entradas de admin\" rel=\"author\">admin<\/a><\/span><span class=\"eael-posted-on\"><time datetime=\"marzo 22, 2024\">marzo 22, 2024<\/time><\/span><\/div><\/div><\/div><\/div>\n        <\/div>\n    <\/article><article class=\"eael-grid-post  eael-post-grid-column eael-pg-post-656 category-orientacion\" data-id=\"656\">\n        <div class=\"eael-grid-post-holder\">\n            <div class=\"eael-grid-post-holder-inner\"><div class=\"eael-entry-media\"><div class=\"eael-entry-overlay fade-in\"><i class=\"fas fa-long-arrow-alt-right\" aria-hidden=\"true\"><\/i><a href=\"https:\/\/webalumnos.iestetuan.es\/?p=656\"><\/a><\/div><div class=\"eael-entry-thumbnail \">\n                <img decoding=\"async\" width=\"300\" height=\"200\" src=\"https:\/\/webalumnos.iestetuan.es\/wp-content\/uploads\/2024\/03\/pawel-czerwinski-Q5oCIFL2xKc-unsplash-300x200.jpg\" class=\"attachment-medium size-medium wp-image-665\" alt=\"\" srcset=\"https:\/\/webalumnos.iestetuan.es\/wp-content\/uploads\/2024\/03\/pawel-czerwinski-Q5oCIFL2xKc-unsplash-300x200.jpg 300w, https:\/\/webalumnos.iestetuan.es\/wp-content\/uploads\/2024\/03\/pawel-czerwinski-Q5oCIFL2xKc-unsplash-1024x683.jpg 1024w, https:\/\/webalumnos.iestetuan.es\/wp-content\/uploads\/2024\/03\/pawel-czerwinski-Q5oCIFL2xKc-unsplash-768x512.jpg 768w, https:\/\/webalumnos.iestetuan.es\/wp-content\/uploads\/2024\/03\/pawel-czerwinski-Q5oCIFL2xKc-unsplash-1536x1024.jpg 1536w, https:\/\/webalumnos.iestetuan.es\/wp-content\/uploads\/2024\/03\/pawel-czerwinski-Q5oCIFL2xKc-unsplash-2048x1365.jpg 2048w, https:\/\/webalumnos.iestetuan.es\/wp-content\/uploads\/2024\/03\/pawel-czerwinski-Q5oCIFL2xKc-unsplash-930x620.jpg 930w\" sizes=\"(max-width: 300px) 100vw, 300px\" \/>\n            <\/div>\n        <\/div><div class=\"eael-entry-wrapper\"><header class=\"eael-entry-header\"><h2 class=\"eael-entry-title\"><a class=\"eael-grid-post-link\" href=\"https:\/\/webalumnos.iestetuan.es\/?p=656\" title=\"Recursos psicol\u00f3gicos gratuitos de bajo coste\">Recursos psicol\u00f3gicos gratuitos de bajo coste<\/a><\/h2><\/header><div class=\"eael-entry-content\">\n                        <div class=\"eael-grid-post-excerpt\"><p>Para afinar nuestro estudio, mejorar nuestras competencias u ofrecer nuestro...<\/p><a href=\"https:\/\/webalumnos.iestetuan.es\/?p=656\" class=\"eael-post-elements-readmore-btn\">Leer m\u00e1s<\/a><\/div>\n                    <\/div><div class=\"eael-entry-footer\"><div class=\"eael-author-avatar\"><a href=\"https:\/\/webalumnos.iestetuan.es\/?author=1\"><img alt='admin' src='https:\/\/secure.gravatar.com\/avatar\/99a6b7bdba6b9da9aa839c4d0352fa34?s=96&#038;d=mm&#038;r=g' srcset='https:\/\/secure.gravatar.com\/avatar\/99a6b7bdba6b9da9aa839c4d0352fa34?s=192&#038;d=mm&#038;r=g 2x' class='avatar avatar-96 photo' height='96' width='96' \/><\/a><\/div><div class=\"eael-entry-meta\"><span class=\"eael-posted-by\"><a href=\"https:\/\/webalumnos.iestetuan.es\/?author=1\" title=\"Entradas de admin\" rel=\"author\">admin<\/a><\/span><span class=\"eael-posted-on\"><time datetime=\"marzo 10, 2024\">marzo 10, 2024<\/time><\/span><\/div><\/div><\/div><\/div>\n        <\/div>\n    <\/article><article class=\"eael-grid-post  eael-post-grid-column eael-pg-post-610 category-orientacion\" data-id=\"610\">\n        <div class=\"eael-grid-post-holder\">\n            <div class=\"eael-grid-post-holder-inner\"><div class=\"eael-entry-media\"><div class=\"eael-entry-overlay fade-in\"><i class=\"fas fa-long-arrow-alt-right\" aria-hidden=\"true\"><\/i><a href=\"https:\/\/webalumnos.iestetuan.es\/?p=610\"><\/a><\/div><div class=\"eael-entry-thumbnail \">\n                <img decoding=\"async\" width=\"300\" height=\"199\" src=\"https:\/\/webalumnos.iestetuan.es\/wp-content\/uploads\/2024\/02\/element5-digital-jCIMcOpFHig-unsplash-300x199.jpg\" class=\"attachment-medium size-medium wp-image-623\" alt=\"\" srcset=\"https:\/\/webalumnos.iestetuan.es\/wp-content\/uploads\/2024\/02\/element5-digital-jCIMcOpFHig-unsplash-300x199.jpg 300w, https:\/\/webalumnos.iestetuan.es\/wp-content\/uploads\/2024\/02\/element5-digital-jCIMcOpFHig-unsplash-1024x678.jpg 1024w, https:\/\/webalumnos.iestetuan.es\/wp-content\/uploads\/2024\/02\/element5-digital-jCIMcOpFHig-unsplash-768x509.jpg 768w, https:\/\/webalumnos.iestetuan.es\/wp-content\/uploads\/2024\/02\/element5-digital-jCIMcOpFHig-unsplash-1536x1017.jpg 1536w, https:\/\/webalumnos.iestetuan.es\/wp-content\/uploads\/2024\/02\/element5-digital-jCIMcOpFHig-unsplash-2048x1356.jpg 2048w, https:\/\/webalumnos.iestetuan.es\/wp-content\/uploads\/2024\/02\/element5-digital-jCIMcOpFHig-unsplash-930x620.jpg 930w\" sizes=\"(max-width: 300px) 100vw, 300px\" \/>\n            <\/div>\n        <\/div><div class=\"eael-entry-wrapper\"><header class=\"eael-entry-header\"><h2 class=\"eael-entry-title\"><a class=\"eael-grid-post-link\" href=\"https:\/\/webalumnos.iestetuan.es\/?p=610\" title=\"Acceso a la Universidad desde GRADOS SUPERIORES\">Acceso a la Universidad desde GRADOS SUPERIORES<\/a><\/h2><\/header><div class=\"eael-entry-content\">\n                        <div class=\"eael-grid-post-excerpt\"><p>\u00bfQu\u00e9 caminos elijo cuando termino mi ciclo superior y deseo...<\/p><a href=\"https:\/\/webalumnos.iestetuan.es\/?p=610\" class=\"eael-post-elements-readmore-btn\">Leer m\u00e1s<\/a><\/div>\n                    <\/div><div class=\"eael-entry-footer\"><div class=\"eael-author-avatar\"><a href=\"https:\/\/webalumnos.iestetuan.es\/?author=1\"><img alt='admin' src='https:\/\/secure.gravatar.com\/avatar\/99a6b7bdba6b9da9aa839c4d0352fa34?s=96&#038;d=mm&#038;r=g' srcset='https:\/\/secure.gravatar.com\/avatar\/99a6b7bdba6b9da9aa839c4d0352fa34?s=192&#038;d=mm&#038;r=g 2x' class='avatar avatar-96 photo' height='96' width='96' \/><\/a><\/div><div class=\"eael-entry-meta\"><span class=\"eael-posted-by\"><a href=\"https:\/\/webalumnos.iestetuan.es\/?author=1\" title=\"Entradas de admin\" rel=\"author\">admin<\/a><\/span><span class=\"eael-posted-on\"><time datetime=\"febrero 15, 2024\">febrero 15, 2024<\/time><\/span><\/div><\/div><\/div><\/div>\n        <\/div>\n    <\/article><\/div>\n            <div class=\"clearfix\"><\/div>\n        <\/div>            <div class=\"eael-load-more-button-wrap eael-force-hide\">\n                <button class=\"eael-load-more-button\" id=\"eael-load-more-btn-42dde29\" data-widget-id=\"42dde29\" data-widget=\"42dde29\" data-page-id=\"405\" data-template=\"{&quot;dir&quot;:&quot;lite&quot;,&quot;file_name&quot;:&quot;one.php&quot;,&quot;name&quot;:&quot;Post-Grid&quot;}\" data-class=\"Essential_Addons_Elementor\\Elements\\Post_Grid\" data-layout=\"masonry\" data-page=\"1\" data-args=\"orderby=date&amp;order=desc&amp;ignore_sticky_posts=1&amp;post_status=publish&amp;posts_per_page=4&amp;offset=3&amp;post_type=post&amp;tax_query%5B0%5D%5Btaxonomy%5D=category&amp;tax_query%5B0%5D%5Bfield%5D=term_id&amp;tax_query%5B0%5D%5Bterms%5D%5B0%5D=12&amp;tax_query%5Brelation%5D=AND\" data-max-page=\"2\">\n                    <span class=\"eael-btn-loader button__loader\"><\/span>\n                    <span class=\"eael_load_more_text\">Cargar m\u00e1s<\/span>\n                <\/button>\n            <\/div>\n            \t\t\t\t<\/div>\n\t\t\t\t<\/div>\n\t\t\t\t\t<\/div>\n\t\t\t\t<\/div>\n\t\t\t\t<\/div>\n\t\t","protected":false},"excerpt":{"rendered":"<p>PODCAST #2 \u2013 \u00a1LOS ALUMNOS CUENTAN! \u2013 Las gu\u00edas te gu\u00edan. Continuamos con el cap\u00edtulo 2 de nuestros Podcast. En este&#8230; Leer m\u00e1s adminabril 12, 2024 PODCAST #1 &#8211; \u00a1LOS&hellip;&nbsp;<a href=\"https:\/\/webalumnos.iestetuan.es\/?p=610\" class=\"\" rel=\"bookmark\">Leer m\u00e1s &raquo;<span class=\"screen-reader-text\">Acceso a la Universidad desde GRADOS SUPERIORES<\/span><\/a><\/p>\n","protected":false},"author":1,"featured_media":0,"parent":0,"menu_order":0,"comment_status":"closed","ping_status":"closed","template":"page-templates\/template-pagebuilder-full-width.php","meta":{"neve_meta_sidebar":"","neve_meta_container":"","neve_meta_enable_content_width":"","neve_meta_content_width":0,"neve_meta_title_alignment":"","neve_meta_author_avatar":"","neve_post_elements_order":"","neve_meta_disable_header":"","neve_meta_disable_footer":"","neve_meta_disable_title":"","footnotes":""},"_links":{"self":[{"href":"https:\/\/webalumnos.iestetuan.es\/index.php?rest_route=\/wp\/v2\/pages\/405"}],"collection":[{"href":"https:\/\/webalumnos.iestetuan.es\/index.php?rest_route=\/wp\/v2\/pages"}],"about":[{"href":"https:\/\/webalumnos.iestetuan.es\/index.php?rest_route=\/wp\/v2\/types\/page"}],"author":[{"embeddable":true,"href":"https:\/\/webalumnos.iestetuan.es\/index.php?rest_route=\/wp\/v2\/users\/1"}],"replies":[{"embeddable":true,"href":"https:\/\/webalumnos.iestetuan.es\/index.php?rest_route=%2Fwp%2Fv2%2Fcomments&post=405"}],"version-history":[{"count":70,"href":"https:\/\/webalumnos.iestetuan.es\/index.php?rest_route=\/wp\/v2\/pages\/405\/revisions"}],"predecessor-version":[{"id":775,"href":"https:\/\/webalumnos.iestetuan.es\/index.php?rest_route=\/wp\/v2\/pages\/405\/revisions\/775"}],"wp:attachment":[{"href":"https:\/\/webalumnos.iestetuan.es\/index.php?rest_route=%2Fwp%2Fv2%2Fmedia&parent=405"}],"curies":[{"name":"wp","href":"https:\/\/api.w.org\/{rel}","templated":true}]}}