{"id":426,"date":"2024-01-28T11:53:04","date_gmt":"2024-01-28T10:53:04","guid":{"rendered":"https:\/\/webalumnos.iestetuan.es\/?page_id=426"},"modified":"2024-02-09T12:21:18","modified_gmt":"2024-02-09T11:21:18","slug":"excursiones-y-eventos","status":"publish","type":"page","link":"https:\/\/webalumnos.iestetuan.es\/?page_id=426","title":{"rendered":"Excursiones y Eventos"},"content":{"rendered":"\t\t<div data-elementor-type=\"wp-page\" data-elementor-id=\"426\" class=\"elementor elementor-426\">\n\t\t\t\t<div class=\"has_eae_slider elementor-element elementor-element-cb93d5e e-flex e-con-boxed e-con e-parent\" data-eae-slider=\"52271\" data-id=\"cb93d5e\" data-element_type=\"container\">\n\t\t\t\t\t<div class=\"e-con-inner\">\n\t\t\t\t<div class=\"elementor-element elementor-element-7472966 elementor-grid-eael-col-4 elementor-grid-tablet-eael-col-2 elementor-grid-mobile-eael-col-1 elementor-widget elementor-widget-eael-post-grid\" data-id=\"7472966\" data-element_type=\"widget\" data-settings=\"{&quot;eael_post_grid_columns&quot;:&quot;eael-col-4&quot;,&quot;eael_post_grid_columns_tablet&quot;:&quot;eael-col-2&quot;,&quot;eael_post_grid_columns_mobile&quot;:&quot;eael-col-1&quot;}\" data-widget_type=\"eael-post-grid.default\">\n\t\t\t\t<div class=\"elementor-widget-container\">\n\t\t\t\t\t<div id=\"eael-post-grid-7472966\" class=\"eael-post-grid-container\">\n            <div class=\"eael-post-grid eael-post-appender eael-post-appender-7472966 eael-post-grid-style-one\" data-layout-mode=\"masonry\"><article class=\"eael-grid-post  eael-post-grid-column eael-pg-post-992 category-informatica-orientacion\" data-id=\"992\">\n        <div class=\"eael-grid-post-holder\">\n            <div class=\"eael-grid-post-holder-inner\"><div class=\"eael-entry-media\"><div class=\"eael-entry-overlay fade-in\"><i class=\"fas fa-long-arrow-alt-right\" aria-hidden=\"true\"><\/i><a href=\"https:\/\/webalumnos.iestetuan.es\/?p=992\"><\/a><\/div><div class=\"eael-entry-thumbnail \">\n                <img fetchpriority=\"high\" decoding=\"async\" width=\"300\" height=\"300\" src=\"https:\/\/webalumnos.iestetuan.es\/wp-content\/uploads\/2024\/03\/Podcast-imagen-300x300.jpg\" class=\"attachment-medium size-medium wp-image-716\" alt=\"\" srcset=\"https:\/\/webalumnos.iestetuan.es\/wp-content\/uploads\/2024\/03\/Podcast-imagen-300x300.jpg 300w, https:\/\/webalumnos.iestetuan.es\/wp-content\/uploads\/2024\/03\/Podcast-imagen-1024x1024.jpg 1024w, https:\/\/webalumnos.iestetuan.es\/wp-content\/uploads\/2024\/03\/Podcast-imagen-150x150.jpg 150w, https:\/\/webalumnos.iestetuan.es\/wp-content\/uploads\/2024\/03\/Podcast-imagen-768x768.jpg 768w, https:\/\/webalumnos.iestetuan.es\/wp-content\/uploads\/2024\/03\/Podcast-imagen-1536x1536.jpg 1536w, https:\/\/webalumnos.iestetuan.es\/wp-content\/uploads\/2024\/03\/Podcast-imagen-2048x2048.jpg 2048w\" sizes=\"(max-width: 300px) 100vw, 300px\" \/>\n            <\/div>\n        <\/div><div class=\"eael-entry-wrapper\"><header class=\"eael-entry-header\"><h2 class=\"eael-entry-title\"><a class=\"eael-grid-post-link\" href=\"https:\/\/webalumnos.iestetuan.es\/?p=992\" title=\"PODCAST #5 \u2013 \u00a1Los Podcast de la FP b\u00e1sica! &#8211; Proyectos Intermodulares\">PODCAST #5 \u2013 \u00a1Los Podcast de la FP b\u00e1sica! &#8211; Proyectos Intermodulares<\/a><\/h2><\/header><div class=\"eael-entry-content\">\n                        <div class=\"eael-grid-post-excerpt\"><p>Arranca en este 2026 una interesante serie de Podcast elaborados...<\/p><\/div>\n                    <\/div><div class=\"eael-entry-footer\"><div class=\"eael-author-avatar\"><a href=\"https:\/\/webalumnos.iestetuan.es\/?author=1\"><img alt='admin' src='https:\/\/secure.gravatar.com\/avatar\/99a6b7bdba6b9da9aa839c4d0352fa34?s=96&#038;d=mm&#038;r=g' srcset='https:\/\/secure.gravatar.com\/avatar\/99a6b7bdba6b9da9aa839c4d0352fa34?s=192&#038;d=mm&#038;r=g 2x' class='avatar avatar-96 photo' height='96' width='96' \/><\/a><\/div><div class=\"eael-entry-meta\"><span class=\"eael-posted-on\"><time datetime=\"abril 8, 2026\">abril 8, 2026<\/time><\/span><\/div><\/div><\/div><\/div>\n        <\/div>\n    <\/article><article class=\"eael-grid-post  eael-post-grid-column eael-pg-post-954 category-excursiones-y-eventos-informatica\" data-id=\"954\">\n        <div class=\"eael-grid-post-holder\">\n            <div class=\"eael-grid-post-holder-inner\"><div class=\"eael-entry-media\"><div class=\"eael-entry-overlay fade-in\"><i class=\"fas fa-long-arrow-alt-right\" aria-hidden=\"true\"><\/i><a href=\"https:\/\/webalumnos.iestetuan.es\/?p=954\"><\/a><\/div><div class=\"eael-entry-thumbnail \">\n                <img decoding=\"async\" width=\"300\" height=\"225\" src=\"https:\/\/webalumnos.iestetuan.es\/wp-content\/uploads\/2024\/10\/IMG_20241003_103317-300x225.jpg\" class=\"attachment-medium size-medium wp-image-963\" alt=\"\" srcset=\"https:\/\/webalumnos.iestetuan.es\/wp-content\/uploads\/2024\/10\/IMG_20241003_103317-300x225.jpg 300w, https:\/\/webalumnos.iestetuan.es\/wp-content\/uploads\/2024\/10\/IMG_20241003_103317-1024x768.jpg 1024w, https:\/\/webalumnos.iestetuan.es\/wp-content\/uploads\/2024\/10\/IMG_20241003_103317-768x576.jpg 768w, https:\/\/webalumnos.iestetuan.es\/wp-content\/uploads\/2024\/10\/IMG_20241003_103317-1536x1152.jpg 1536w, https:\/\/webalumnos.iestetuan.es\/wp-content\/uploads\/2024\/10\/IMG_20241003_103317-2048x1536.jpg 2048w\" sizes=\"(max-width: 300px) 100vw, 300px\" \/>\n            <\/div>\n        <\/div><div class=\"eael-entry-wrapper\"><header class=\"eael-entry-header\"><h2 class=\"eael-entry-title\"><a class=\"eael-grid-post-link\" href=\"https:\/\/webalumnos.iestetuan.es\/?p=954\" title=\"Visita &#8211; II edici\u00f3n de la Feria de Empleo en San Blas Digital\">Visita &#8211; II edici\u00f3n de la Feria de Empleo en San Blas Digital<\/a><\/h2><\/header><div class=\"eael-entry-content\">\n                        <div class=\"eael-grid-post-excerpt\"><p>El pasado jueves 26 de septiembre tuvo lugar la 2\u00aa...<\/p><\/div>\n                    <\/div><div class=\"eael-entry-footer\"><div class=\"eael-author-avatar\"><a href=\"https:\/\/webalumnos.iestetuan.es\/?author=1\"><img alt='admin' src='https:\/\/secure.gravatar.com\/avatar\/99a6b7bdba6b9da9aa839c4d0352fa34?s=96&#038;d=mm&#038;r=g' srcset='https:\/\/secure.gravatar.com\/avatar\/99a6b7bdba6b9da9aa839c4d0352fa34?s=192&#038;d=mm&#038;r=g 2x' class='avatar avatar-96 photo' height='96' width='96' \/><\/a><\/div><div class=\"eael-entry-meta\"><span class=\"eael-posted-on\"><time datetime=\"octubre 7, 2024\">octubre 7, 2024<\/time><\/span><\/div><\/div><\/div><\/div>\n        <\/div>\n    <\/article><\/div>\n            <div class=\"clearfix\"><\/div>\n        <\/div>            <div class=\"eael-load-more-button-wrap eael-force-hide\">\n                <button class=\"eael-load-more-button\" id=\"eael-load-more-btn-7472966\" data-widget-id=\"7472966\" data-widget=\"7472966\" data-page-id=\"426\" data-template=\"{&quot;dir&quot;:&quot;lite&quot;,&quot;file_name&quot;:&quot;one.php&quot;,&quot;name&quot;:&quot;Post-Grid&quot;}\" data-class=\"Essential_Addons_Elementor\\Elements\\Post_Grid\" data-layout=\"masonry\" data-page=\"1\" data-args=\"orderby=date&amp;order=desc&amp;ignore_sticky_posts=1&amp;post_status=publish&amp;posts_per_page=2&amp;offset=0&amp;post_type=post\" data-max-page=\"12\">\n                    <span class=\"eael-btn-loader button__loader\"><\/span>\n                    <span class=\"eael_load_more_text\">Cargar m\u00e1s<\/span>\n                <\/button>\n            <\/div>\n            \t\t\t\t<\/div>\n\t\t\t\t<\/div>\n\t\t\t\t\t<\/div>\n\t\t\t\t<\/div>\n\t\t\t\t<\/div>\n\t\t","protected":false},"excerpt":{"rendered":"<p>Concursos del centro &#8211; Segundo Torneo Ajedrez TORNEO DE AJEDREZ 2024 Como cada a\u00f1o, en el centro&#8230; enero 28, 2024 VISITA A TELEF\u00d3NICA Excursi\u00f3n al Open Day 42 Madrid de&hellip;&nbsp;<a href=\"https:\/\/webalumnos.iestetuan.es\/?p=954\" class=\"\" rel=\"bookmark\">Leer m\u00e1s &raquo;<span class=\"screen-reader-text\">Visita &#8211; II edici\u00f3n de la Feria de Empleo en San Blas Digital<\/span><\/a><\/p>\n","protected":false},"author":2,"featured_media":0,"parent":0,"menu_order":0,"comment_status":"closed","ping_status":"closed","template":"page-templates\/template-pagebuilder-full-width.php","meta":{"neve_meta_sidebar":"","neve_meta_container":"","neve_meta_enable_content_width":"","neve_meta_content_width":0,"neve_meta_title_alignment":"","neve_meta_author_avatar":"","neve_post_elements_order":"","neve_meta_disable_header":"","neve_meta_disable_footer":"","neve_meta_disable_title":"","footnotes":""},"_links":{"self":[{"href":"https:\/\/webalumnos.iestetuan.es\/index.php?rest_route=\/wp\/v2\/pages\/426"}],"collection":[{"href":"https:\/\/webalumnos.iestetuan.es\/index.php?rest_route=\/wp\/v2\/pages"}],"about":[{"href":"https:\/\/webalumnos.iestetuan.es\/index.php?rest_route=\/wp\/v2\/types\/page"}],"author":[{"embeddable":true,"href":"https:\/\/webalumnos.iestetuan.es\/index.php?rest_route=\/wp\/v2\/users\/2"}],"replies":[{"embeddable":true,"href":"https:\/\/webalumnos.iestetuan.es\/index.php?rest_route=%2Fwp%2Fv2%2Fcomments&post=426"}],"version-history":[{"count":12,"href":"https:\/\/webalumnos.iestetuan.es\/index.php?rest_route=\/wp\/v2\/pages\/426\/revisions"}],"predecessor-version":[{"id":975,"href":"https:\/\/webalumnos.iestetuan.es\/index.php?rest_route=\/wp\/v2\/pages\/426\/revisions\/975"}],"wp:attachment":[{"href":"https:\/\/webalumnos.iestetuan.es\/index.php?rest_route=%2Fwp%2Fv2%2Fmedia&parent=426"}],"curies":[{"name":"wp","href":"https:\/\/api.w.org\/{rel}","templated":true}]}}